{"id":10696,"date":"2025-10-08T11:07:33","date_gmt":"2025-10-08T11:07:33","guid":{"rendered":"https:\/\/simply.ch\/page-404\/"},"modified":"2025-11-25T09:55:49","modified_gmt":"2025-11-25T09:55:49","slug":"page-404","status":"publish","type":"page","link":"https:\/\/simply.ch\/fr\/page-404\/","title":{"rendered":"Page 404"},"content":{"rendered":"\t\t<div data-elementor-type=\"wp-page\" data-elementor-id=\"10696\" class=\"elementor elementor-10696 elementor-9631\" data-elementor-post-type=\"page\">\n\t\t\t\t<div class=\"elementor-element elementor-element-45346e4 e-flex e-con-boxed e-con e-parent\" data-id=\"45346e4\" data-element_type=\"container\" data-e-type=\"container\" data-settings=\"{&quot;background_background&quot;:&quot;classic&quot;}\">\n\t\t\t\t\t<div class=\"e-con-inner\">\n\t\t<div class=\"elementor-element elementor-element-ecf699a e-con-full e-flex e-con e-child\" data-id=\"ecf699a\" data-element_type=\"container\" data-e-type=\"container\">\n\t\t\t\t<div class=\"elementor-element elementor-element-9696467 elementor-widget elementor-widget-image\" data-id=\"9696467\" data-element_type=\"widget\" data-e-type=\"widget\" data-widget_type=\"image.default\">\n\t\t\t\t<div class=\"elementor-widget-container\">\n\t\t\t\t\t\t\t\t\t\t\t\t\t\t\t<img fetchpriority=\"high\" decoding=\"async\" width=\"612\" height=\"408\" src=\"https:\/\/simply.ch\/wp-content\/uploads\/2025\/10\/simply-error-404-hero.png\" class=\"attachment-full size-full wp-image-9700\" alt=\"404-image\" srcset=\"https:\/\/simply.ch\/wp-content\/uploads\/2025\/10\/simply-error-404-hero.png 612w, https:\/\/simply.ch\/wp-content\/uploads\/2025\/10\/simply-error-404-hero-300x200.png 300w\" sizes=\"(max-width: 612px) 100vw, 612px\" \/>\t\t\t\t\t\t\t\t\t\t\t\t\t\t\t<\/div>\n\t\t\t\t<\/div>\n\t\t\t\t<\/div>\n\t\t\t\t\t<\/div>\n\t\t\t\t<\/div>\n\t\t\t\t<\/div>\n\t\t","protected":false},"excerpt":{"rendered":"","protected":false},"author":1,"featured_media":0,"parent":0,"menu_order":0,"comment_status":"closed","ping_status":"closed","template":"","meta":{"_acf_changed":false,"footnotes":""},"class_list":["post-10696","page","type-page","status-publish","hentry"],"acf":[],"yoast_head":"<!-- This site is optimized with the Yoast SEO plugin v27.3 - https:\/\/yoast.com\/product\/yoast-seo-wordpress\/ -->\n<title>Page 404 \u2013 Conseils assurance par simply<\/title>\n<meta name=\"description\" content=\"Page introuvable. D\u00e9couvrez comment simply vous conseille pour choisir vos assurances maladie, m\u00e9nage ou responsabilit\u00e9 civile aupr\u00e8s de nos partenaires.\" \/>\n<meta name=\"robots\" content=\"index, follow, max-snippet:-1, max-image-preview:large, max-video-preview:-1\" \/>\n<link rel=\"canonical\" href=\"https:\/\/simply.ch\/fr\/page-404\/\" \/>\n<meta property=\"og:locale\" content=\"fr_FR\" \/>\n<meta property=\"og:type\" content=\"article\" \/>\n<meta property=\"og:title\" content=\"Page 404 \u2013 Conseils assurance par simply\" \/>\n<meta property=\"og:description\" content=\"Page introuvable. D\u00e9couvrez comment simply vous conseille pour choisir vos assurances maladie, m\u00e9nage ou responsabilit\u00e9 civile aupr\u00e8s de nos partenaires.\" \/>\n<meta property=\"og:url\" content=\"https:\/\/simply.ch\/fr\/page-404\/\" \/>\n<meta property=\"og:site_name\" content=\"Simply\" \/>\n<meta property=\"article:modified_time\" content=\"2025-11-25T09:55:49+00:00\" \/>\n<meta property=\"og:image\" content=\"https:\/\/simply.ch\/wp-content\/uploads\/2025\/10\/simply-error-404-hero.png\" \/>\n<meta name=\"twitter:card\" content=\"summary_large_image\" \/>\n<script type=\"application\/ld+json\" class=\"yoast-schema-graph\">{\"@context\":\"https:\\\/\\\/schema.org\",\"@graph\":[{\"@type\":\"WebPage\",\"@id\":\"https:\\\/\\\/simply.ch\\\/fr\\\/page-404\\\/\",\"url\":\"https:\\\/\\\/simply.ch\\\/fr\\\/page-404\\\/\",\"name\":\"Page 404 \u2013 Conseils assurance par simply\",\"isPartOf\":{\"@id\":\"https:\\\/\\\/simply.ch\\\/fr\\\/#website\"},\"primaryImageOfPage\":{\"@id\":\"https:\\\/\\\/simply.ch\\\/fr\\\/page-404\\\/#primaryimage\"},\"image\":{\"@id\":\"https:\\\/\\\/simply.ch\\\/fr\\\/page-404\\\/#primaryimage\"},\"thumbnailUrl\":\"https:\\\/\\\/simply.ch\\\/wp-content\\\/uploads\\\/2025\\\/10\\\/simply-error-404-hero.png\",\"datePublished\":\"2025-10-08T11:07:33+00:00\",\"dateModified\":\"2025-11-25T09:55:49+00:00\",\"description\":\"Page introuvable. D\u00e9couvrez comment simply vous conseille pour choisir vos assurances maladie, m\u00e9nage ou responsabilit\u00e9 civile aupr\u00e8s de nos partenaires.\",\"breadcrumb\":{\"@id\":\"https:\\\/\\\/simply.ch\\\/fr\\\/page-404\\\/#breadcrumb\"},\"inLanguage\":\"fr-FR\",\"potentialAction\":[{\"@type\":\"ReadAction\",\"target\":[\"https:\\\/\\\/simply.ch\\\/fr\\\/page-404\\\/\"]}]},{\"@type\":\"ImageObject\",\"inLanguage\":\"fr-FR\",\"@id\":\"https:\\\/\\\/simply.ch\\\/fr\\\/page-404\\\/#primaryimage\",\"url\":\"https:\\\/\\\/simply.ch\\\/wp-content\\\/uploads\\\/2025\\\/10\\\/simply-error-404-hero.png\",\"contentUrl\":\"https:\\\/\\\/simply.ch\\\/wp-content\\\/uploads\\\/2025\\\/10\\\/simply-error-404-hero.png\"},{\"@type\":\"BreadcrumbList\",\"@id\":\"https:\\\/\\\/simply.ch\\\/fr\\\/page-404\\\/#breadcrumb\",\"itemListElement\":[{\"@type\":\"ListItem\",\"position\":1,\"name\":\"Startseite\",\"item\":\"https:\\\/\\\/simply.ch\\\/fr\\\/\"},{\"@type\":\"ListItem\",\"position\":2,\"name\":\"Page 404\"}]},{\"@type\":\"WebSite\",\"@id\":\"https:\\\/\\\/simply.ch\\\/fr\\\/#website\",\"url\":\"https:\\\/\\\/simply.ch\\\/fr\\\/\",\"name\":\"Simply\",\"description\":\"\",\"publisher\":{\"@id\":\"https:\\\/\\\/simply.ch\\\/fr\\\/#organization\"},\"potentialAction\":[{\"@type\":\"SearchAction\",\"target\":{\"@type\":\"EntryPoint\",\"urlTemplate\":\"https:\\\/\\\/simply.ch\\\/fr\\\/?s={search_term_string}\"},\"query-input\":{\"@type\":\"PropertyValueSpecification\",\"valueRequired\":true,\"valueName\":\"search_term_string\"}}],\"inLanguage\":\"fr-FR\"},{\"@type\":\"Organization\",\"@id\":\"https:\\\/\\\/simply.ch\\\/fr\\\/#organization\",\"name\":\"Simply\",\"url\":\"https:\\\/\\\/simply.ch\\\/fr\\\/\",\"logo\":{\"@type\":\"ImageObject\",\"inLanguage\":\"fr-FR\",\"@id\":\"https:\\\/\\\/simply.ch\\\/fr\\\/#\\\/schema\\\/logo\\\/image\\\/\",\"url\":\"https:\\\/\\\/simply.ch\\\/wp-content\\\/uploads\\\/2025\\\/10\\\/simply-logo.png\",\"contentUrl\":\"https:\\\/\\\/simply.ch\\\/wp-content\\\/uploads\\\/2025\\\/10\\\/simply-logo.png\",\"width\":352,\"height\":129,\"caption\":\"Simply\"},\"image\":{\"@id\":\"https:\\\/\\\/simply.ch\\\/fr\\\/#\\\/schema\\\/logo\\\/image\\\/\"}}]}<\/script>\n<!-- \/ Yoast SEO plugin. -->","yoast_head_json":{"title":"Page 404 \u2013 Conseils assurance par simply","description":"Page introuvable. D\u00e9couvrez comment simply vous conseille pour choisir vos assurances maladie, m\u00e9nage ou responsabilit\u00e9 civile aupr\u00e8s de nos partenaires.","robots":{"index":"index","follow":"follow","max-snippet":"max-snippet:-1","max-image-preview":"max-image-preview:large","max-video-preview":"max-video-preview:-1"},"canonical":"https:\/\/simply.ch\/fr\/page-404\/","og_locale":"fr_FR","og_type":"article","og_title":"Page 404 \u2013 Conseils assurance par simply","og_description":"Page introuvable. D\u00e9couvrez comment simply vous conseille pour choisir vos assurances maladie, m\u00e9nage ou responsabilit\u00e9 civile aupr\u00e8s de nos partenaires.","og_url":"https:\/\/simply.ch\/fr\/page-404\/","og_site_name":"Simply","article_modified_time":"2025-11-25T09:55:49+00:00","og_image":[{"url":"https:\/\/simply.ch\/wp-content\/uploads\/2025\/10\/simply-error-404-hero.png","type":"","width":"","height":""}],"twitter_card":"summary_large_image","schema":{"@context":"https:\/\/schema.org","@graph":[{"@type":"WebPage","@id":"https:\/\/simply.ch\/fr\/page-404\/","url":"https:\/\/simply.ch\/fr\/page-404\/","name":"Page 404 \u2013 Conseils assurance par simply","isPartOf":{"@id":"https:\/\/simply.ch\/fr\/#website"},"primaryImageOfPage":{"@id":"https:\/\/simply.ch\/fr\/page-404\/#primaryimage"},"image":{"@id":"https:\/\/simply.ch\/fr\/page-404\/#primaryimage"},"thumbnailUrl":"https:\/\/simply.ch\/wp-content\/uploads\/2025\/10\/simply-error-404-hero.png","datePublished":"2025-10-08T11:07:33+00:00","dateModified":"2025-11-25T09:55:49+00:00","description":"Page introuvable. D\u00e9couvrez comment simply vous conseille pour choisir vos assurances maladie, m\u00e9nage ou responsabilit\u00e9 civile aupr\u00e8s de nos partenaires.","breadcrumb":{"@id":"https:\/\/simply.ch\/fr\/page-404\/#breadcrumb"},"inLanguage":"fr-FR","potentialAction":[{"@type":"ReadAction","target":["https:\/\/simply.ch\/fr\/page-404\/"]}]},{"@type":"ImageObject","inLanguage":"fr-FR","@id":"https:\/\/simply.ch\/fr\/page-404\/#primaryimage","url":"https:\/\/simply.ch\/wp-content\/uploads\/2025\/10\/simply-error-404-hero.png","contentUrl":"https:\/\/simply.ch\/wp-content\/uploads\/2025\/10\/simply-error-404-hero.png"},{"@type":"BreadcrumbList","@id":"https:\/\/simply.ch\/fr\/page-404\/#breadcrumb","itemListElement":[{"@type":"ListItem","position":1,"name":"Startseite","item":"https:\/\/simply.ch\/fr\/"},{"@type":"ListItem","position":2,"name":"Page 404"}]},{"@type":"WebSite","@id":"https:\/\/simply.ch\/fr\/#website","url":"https:\/\/simply.ch\/fr\/","name":"Simply","description":"","publisher":{"@id":"https:\/\/simply.ch\/fr\/#organization"},"potentialAction":[{"@type":"SearchAction","target":{"@type":"EntryPoint","urlTemplate":"https:\/\/simply.ch\/fr\/?s={search_term_string}"},"query-input":{"@type":"PropertyValueSpecification","valueRequired":true,"valueName":"search_term_string"}}],"inLanguage":"fr-FR"},{"@type":"Organization","@id":"https:\/\/simply.ch\/fr\/#organization","name":"Simply","url":"https:\/\/simply.ch\/fr\/","logo":{"@type":"ImageObject","inLanguage":"fr-FR","@id":"https:\/\/simply.ch\/fr\/#\/schema\/logo\/image\/","url":"https:\/\/simply.ch\/wp-content\/uploads\/2025\/10\/simply-logo.png","contentUrl":"https:\/\/simply.ch\/wp-content\/uploads\/2025\/10\/simply-logo.png","width":352,"height":129,"caption":"Simply"},"image":{"@id":"https:\/\/simply.ch\/fr\/#\/schema\/logo\/image\/"}}]}},"_links":{"self":[{"href":"https:\/\/simply.ch\/fr\/wp-json\/wp\/v2\/pages\/10696","targetHints":{"allow":["GET"]}}],"collection":[{"href":"https:\/\/simply.ch\/fr\/wp-json\/wp\/v2\/pages"}],"about":[{"href":"https:\/\/simply.ch\/fr\/wp-json\/wp\/v2\/types\/page"}],"author":[{"embeddable":true,"href":"https:\/\/simply.ch\/fr\/wp-json\/wp\/v2\/users\/1"}],"replies":[{"embeddable":true,"href":"https:\/\/simply.ch\/fr\/wp-json\/wp\/v2\/comments?post=10696"}],"version-history":[{"count":3,"href":"https:\/\/simply.ch\/fr\/wp-json\/wp\/v2\/pages\/10696\/revisions"}],"predecessor-version":[{"id":12405,"href":"https:\/\/simply.ch\/fr\/wp-json\/wp\/v2\/pages\/10696\/revisions\/12405"}],"wp:attachment":[{"href":"https:\/\/simply.ch\/fr\/wp-json\/wp\/v2\/media?parent=10696"}],"curies":[{"name":"wp","href":"https:\/\/api.w.org\/{rel}","templated":true}]}}