{"id":11006,"date":"2025-09-05T06:35:46","date_gmt":"2025-09-05T06:35:46","guid":{"rendered":"https:\/\/simply.ch\/partenaires\/"},"modified":"2026-03-17T06:18:19","modified_gmt":"2026-03-17T06:18:19","slug":"partenaires","status":"publish","type":"page","link":"https:\/\/simply.ch\/fr\/partenaires\/","title":{"rendered":"Partenaires"},"content":{"rendered":"\t\t<div data-elementor-type=\"wp-page\" data-elementor-id=\"11006\" class=\"elementor elementor-11006 elementor-3914\" data-elementor-post-type=\"page\">\n\t\t\t\t<div class=\"elementor-element elementor-element-1b60424 e-flex e-con-boxed e-con e-parent\" data-id=\"1b60424\" data-element_type=\"container\" data-e-type=\"container\" data-settings=\"{&quot;background_background&quot;:&quot;classic&quot;}\">\n\t\t\t\t\t<div class=\"e-con-inner\">\n\t\t<div class=\"elementor-element elementor-element-0e1643c e-con-full e-flex e-con e-child\" data-id=\"0e1643c\" data-element_type=\"container\" data-e-type=\"container\">\n\t\t<div class=\"elementor-element elementor-element-5079b08 e-con-full e-flex e-con e-child\" data-id=\"5079b08\" data-element_type=\"container\" data-e-type=\"container\">\n\t\t<div class=\"elementor-element elementor-element-f8602f4 e-con-full e-flex e-con e-child\" data-id=\"f8602f4\" data-element_type=\"container\" data-e-type=\"container\">\n\t\t\t\t<div class=\"elementor-element elementor-element-71903bb elementor-widget-mobile__width-inherit main-color elementor-widget elementor-widget-heading\" data-id=\"71903bb\" data-element_type=\"widget\" data-e-type=\"widget\" data-widget_type=\"heading.default\">\n\t\t\t\t<div class=\"elementor-widget-container\">\n\t\t\t\t\t<h1 class=\"elementor-heading-title elementor-size-default\"><span>Nos<\/span> partenaires<\/h1>\t\t\t\t<\/div>\n\t\t\t\t<\/div>\n\t\t\t\t<\/div>\n\t\t<div class=\"elementor-element elementor-element-6c2e6df e-con-full e-flex e-con e-child\" data-id=\"6c2e6df\" data-element_type=\"container\" data-e-type=\"container\">\n\t\t\t\t<div class=\"elementor-element elementor-element-5d3953a elementor-widget__width-initial elementor-widget-mobile__width-inherit elementor-widget elementor-widget-text-editor\" data-id=\"5d3953a\" data-element_type=\"widget\" data-e-type=\"widget\" data-widget_type=\"text-editor.default\">\n\t\t\t\t<div class=\"elementor-widget-container\">\n\t\t\t\t\t\t\t\t\t<p>Notre objectif principal est de pouvoir vous conseiller et vous accompagner de mani\u00e8re globale sur les questions d\u2019assurance. Pour y parvenir, nous misons sur un vaste r\u00e9seau de partenaires soigneusement s\u00e9lectionn\u00e9s. <\/p>\t\t\t\t\t\t\t\t<\/div>\n\t\t\t\t<\/div>\n\t\t\t\t<div class=\"elementor-element elementor-element-403bec0 elementor-widget__width-initial elementor-widget elementor-widget-text-editor\" data-id=\"403bec0\" data-element_type=\"widget\" data-e-type=\"widget\" data-widget_type=\"text-editor.default\">\n\t\t\t\t<div class=\"elementor-widget-container\">\n\t\t\t\t\t\t\t\t\t<p>Lors d\u2019un entretien de conseil personnalis\u00e9, nous d\u00e9terminerons ensemble comment vous pouvez, vous aussi, profiter de mani\u00e8re optimale des services de nos entreprises partenaires. Nous nous r\u00e9jouissons de vous rencontrer. <\/p>\t\t\t\t\t\t\t\t<\/div>\n\t\t\t\t<\/div>\n\t\t\t\t<\/div>\n\t\t\t\t<\/div>\n\t\t<div class=\"elementor-element elementor-element-ad85db3 e-con-full e-flex e-con e-child\" data-id=\"ad85db3\" data-element_type=\"container\" data-e-type=\"container\">\n\t\t\t\t<div class=\"elementor-element elementor-element-d8ef163 elementor-widget elementor-widget-image\" data-id=\"d8ef163\" data-element_type=\"widget\" data-e-type=\"widget\" data-widget_type=\"image.default\">\n\t\t\t\t<div class=\"elementor-widget-container\">\n\t\t\t\t\t\t\t\t\t\t\t\t\t\t\t<img fetchpriority=\"high\" decoding=\"async\" width=\"1146\" height=\"400\" src=\"https:\/\/simply.ch\/wp-content\/uploads\/2025\/09\/simply-partner-hero.png\" class=\"attachment-full size-full wp-image-7559\" alt=\"Hero-Bild simply Partnernetzwerk und Versicherungspartner\" srcset=\"https:\/\/simply.ch\/wp-content\/uploads\/2025\/09\/simply-partner-hero.png 1146w, https:\/\/simply.ch\/wp-content\/uploads\/2025\/09\/simply-partner-hero-300x105.png 300w, https:\/\/simply.ch\/wp-content\/uploads\/2025\/09\/simply-partner-hero-1024x357.png 1024w, https:\/\/simply.ch\/wp-content\/uploads\/2025\/09\/simply-partner-hero-768x268.png 768w\" sizes=\"(max-width: 1146px) 100vw, 1146px\" \/>\t\t\t\t\t\t\t\t\t\t\t\t\t\t\t<\/div>\n\t\t\t\t<\/div>\n\t\t\t\t<\/div>\n\t\t\t\t<\/div>\n\t\t\t\t\t<\/div>\n\t\t\t\t<\/div>\n\t\t<div class=\"elementor-element elementor-element-ed55091 e-flex e-con-boxed e-con e-parent\" data-id=\"ed55091\" data-element_type=\"container\" data-e-type=\"container\" data-settings=\"{&quot;background_background&quot;:&quot;classic&quot;}\">\n\t\t\t\t\t<div class=\"e-con-inner\">\n\t\t<div class=\"elementor-element elementor-element-34b9477 e-con-full e-flex e-con e-child\" data-id=\"34b9477\" data-element_type=\"container\" data-e-type=\"container\">\n\t\t<div class=\"elementor-element elementor-element-a554eef e-con-full e-flex e-con e-child\" data-id=\"a554eef\" data-element_type=\"container\" data-e-type=\"container\">\n\t\t<div class=\"elementor-element elementor-element-9c714c1 e-con-full e-flex e-con e-child\" data-id=\"9c714c1\" data-element_type=\"container\" data-e-type=\"container\">\n\t\t\t\t<div class=\"elementor-element elementor-element-b4d3231 elementor-widget-mobile__width-inherit main-color elementor-widget elementor-widget-heading\" data-id=\"b4d3231\" data-element_type=\"widget\" data-e-type=\"widget\" data-widget_type=\"heading.default\">\n\t\t\t\t<div class=\"elementor-widget-container\">\n\t\t\t\t\t<h2 class=\"elementor-heading-title elementor-size-default\"><span>Le r\u00e9seau de partenaires<\/span> de simply<\/h2>\t\t\t\t<\/div>\n\t\t\t\t<\/div>\n\t\t\t\t<\/div>\n\t\t\t\t<\/div>\n\t\t\t\t<\/div>\n\t\t\t\t\t<\/div>\n\t\t\t\t<\/div>\n\t\t<div class=\"elementor-element elementor-element-37dbfae e-flex e-con-boxed e-con e-parent\" data-id=\"37dbfae\" data-element_type=\"container\" data-e-type=\"container\" data-settings=\"{&quot;background_background&quot;:&quot;classic&quot;}\">\n\t\t\t\t\t<div class=\"e-con-inner\">\n\t\t<div class=\"elementor-element elementor-element-08d2504 e-con-full e-flex e-con e-child\" data-id=\"08d2504\" data-element_type=\"container\" data-e-type=\"container\">\n\t\t<div class=\"elementor-element elementor-element-f397e3f e-con-full e-flex e-con e-child\" data-id=\"f397e3f\" data-element_type=\"container\" data-e-type=\"container\">\n\t\t\t\t<div class=\"elementor-element elementor-element-9633cc3 elementor-widget-mobile__width-inherit main-color elementor-widget elementor-widget-heading\" data-id=\"9633cc3\" data-element_type=\"widget\" data-e-type=\"widget\" data-widget_type=\"heading.default\">\n\t\t\t\t<div class=\"elementor-widget-container\">\n\t\t\t\t\t<h2 class=\"elementor-heading-title elementor-size-default\"><span>KPT<\/span><\/h2>\t\t\t\t<\/div>\n\t\t\t\t<\/div>\n\t\t<div class=\"elementor-element elementor-element-0723d27 e-con-full e-flex e-con e-child\" data-id=\"0723d27\" data-element_type=\"container\" data-e-type=\"container\">\n\t\t\t\t<div class=\"elementor-element elementor-element-082f691 elementor-widget elementor-widget-text-editor\" data-id=\"082f691\" data-element_type=\"widget\" data-e-type=\"widget\" data-widget_type=\"text-editor.default\">\n\t\t\t\t<div class=\"elementor-widget-container\">\n\t\t\t\t\t\t\t\t\t<p><a href=\"https:\/\/www.kpt.ch\/fr\" target=\"_blank\" rel=\"noopener\">Die KPT<\/a> est la soci\u00e9t\u00e9 m\u00e8re de simply services sa. L\u2019entreprise, dont le si\u00e8ge principal est \u00e0 Berne, est active dans toute la Suisse et compte parmi les dix plus grandes caisses-maladie de Suisse.<\/p>\t\t\t\t\t\t\t\t<\/div>\n\t\t\t\t<\/div>\n\t\t\t\t<div class=\"elementor-element elementor-element-dbb1634 elementor-widget elementor-widget-text-editor\" data-id=\"dbb1634\" data-element_type=\"widget\" data-e-type=\"widget\" data-widget_type=\"text-editor.default\">\n\t\t\t\t<div class=\"elementor-widget-container\">\n\t\t\t\t\t\t\t\t\t<p>L\u2019entreprise, fond\u00e9e en 1890, accorde une importance particuli\u00e8re au conseil personnalis\u00e9 \u00e0 la client\u00e8le et \u00e0 une qualit\u00e9 de service \u00e9lev\u00e9e.<\/p>\t\t\t\t\t\t\t\t<\/div>\n\t\t\t\t<\/div>\n\t\t\t\t<\/div>\n\t\t\t\t<\/div>\n\t\t<div class=\"elementor-element elementor-element-e2dbde0 e-con-full custom-kpt-sec e-flex e-con e-child\" data-id=\"e2dbde0\" data-element_type=\"container\" data-e-type=\"container\" data-settings=\"{&quot;background_background&quot;:&quot;classic&quot;}\">\n\t\t\t\t<\/div>\n\t\t\t\t<\/div>\n\t\t\t\t\t<\/div>\n\t\t\t\t<\/div>\n\t\t<div class=\"elementor-element elementor-element-c05255f e-flex e-con-boxed e-con e-parent\" data-id=\"c05255f\" data-element_type=\"container\" data-e-type=\"container\" data-settings=\"{&quot;background_background&quot;:&quot;classic&quot;}\">\n\t\t\t\t\t<div class=\"e-con-inner\">\n\t\t<div class=\"elementor-element elementor-element-973b0a0 e-con-full e-flex e-con e-child\" data-id=\"973b0a0\" data-element_type=\"container\" data-e-type=\"container\">\n\t\t<div class=\"elementor-element elementor-element-bbf6e0e e-con-full custom-kpt-sec e-flex e-con e-child\" data-id=\"bbf6e0e\" data-element_type=\"container\" data-e-type=\"container\" data-settings=\"{&quot;background_background&quot;:&quot;classic&quot;}\">\n\t\t\t\t<\/div>\n\t\t<div class=\"elementor-element elementor-element-b564b1c e-con-full e-flex e-con e-child\" data-id=\"b564b1c\" data-element_type=\"container\" data-e-type=\"container\">\n\t\t\t\t<div class=\"elementor-element elementor-element-5c8c7cf elementor-widget-mobile__width-inherit main-color elementor-widget elementor-widget-heading\" data-id=\"5c8c7cf\" data-element_type=\"widget\" data-e-type=\"widget\" data-widget_type=\"heading.default\">\n\t\t\t\t<div class=\"elementor-widget-container\">\n\t\t\t\t\t<h2 class=\"elementor-heading-title elementor-size-default\"><span>Zurich<\/span><\/h2>\t\t\t\t<\/div>\n\t\t\t\t<\/div>\n\t\t<div class=\"elementor-element elementor-element-5ccd136 e-con-full e-flex e-con e-child\" data-id=\"5ccd136\" data-element_type=\"container\" data-e-type=\"container\">\n\t\t\t\t<div class=\"elementor-element elementor-element-abacd95 elementor-widget elementor-widget-text-editor\" data-id=\"abacd95\" data-element_type=\"widget\" data-e-type=\"widget\" data-widget_type=\"text-editor.default\">\n\t\t\t\t<div class=\"elementor-widget-container\">\n\t\t\t\t\t\t\t\t\tZurich est une compagnie d&rsquo;assurance suisse de premier plan, dont le si\u00e8ge social est \u00e0 Zurich. Depuis 1872, elle propose des solutions compl\u00e8tes en mati\u00e8re de pr\u00e9voyance et d&rsquo;assurance pour les clients priv\u00e9s et professionnels. Zurich accorde une grande importance aux conseils personnalis\u00e9s, \u00e0 un service de haute qualit\u00e9 et \u00e0 des services num\u00e9riques innovants.  \t\t\t\t\t\t\t\t<\/div>\n\t\t\t\t<\/div>\n\t\t\t\t<div class=\"elementor-element elementor-element-662b9f2 elementor-widget elementor-widget-text-editor\" data-id=\"662b9f2\" data-element_type=\"widget\" data-e-type=\"widget\" data-widget_type=\"text-editor.default\">\n\t\t\t\t<div class=\"elementor-widget-container\">\n\t\t\t\t\t\t\t\t\tEn tant qu&rsquo;assureur mondial, Zurich est synonyme de fiabilit\u00e9, de solutions durables et d&rsquo;une orientation client claire.\t\t\t\t\t\t\t\t<\/div>\n\t\t\t\t<\/div>\n\t\t\t\t<\/div>\n\t\t\t\t<\/div>\n\t\t\t\t<\/div>\n\t\t\t\t\t<\/div>\n\t\t\t\t<\/div>\n\t\t<div class=\"elementor-element elementor-element-47fa943 e-flex e-con-boxed e-con e-parent\" data-id=\"47fa943\" data-element_type=\"container\" data-e-type=\"container\" data-settings=\"{&quot;background_background&quot;:&quot;classic&quot;}\">\n\t\t\t\t\t<div class=\"e-con-inner\">\n\t\t<div class=\"elementor-element elementor-element-fbc0d22 e-con-full e-flex e-con e-child\" data-id=\"fbc0d22\" data-element_type=\"container\" data-e-type=\"container\">\n\t\t<div class=\"elementor-element elementor-element-d2fa66d e-con-full e-flex e-con e-child\" data-id=\"d2fa66d\" data-element_type=\"container\" data-e-type=\"container\">\n\t\t\t\t<div class=\"elementor-element elementor-element-842b015 elementor-widget-mobile__width-inherit main-color elementor-widget elementor-widget-heading\" data-id=\"842b015\" data-element_type=\"widget\" data-e-type=\"widget\" data-widget_type=\"heading.default\">\n\t\t\t\t<div class=\"elementor-widget-container\">\n\t\t\t\t\t<h2 class=\"elementor-heading-title elementor-size-default\"><span>SwissLife<\/span><\/h2>\t\t\t\t<\/div>\n\t\t\t\t<\/div>\n\t\t<div class=\"elementor-element elementor-element-160e008 e-con-full e-flex e-con e-child\" data-id=\"160e008\" data-element_type=\"container\" data-e-type=\"container\">\n\t\t\t\t<div class=\"elementor-element elementor-element-cc9516b elementor-widget elementor-widget-text-editor\" data-id=\"cc9516b\" data-element_type=\"widget\" data-e-type=\"widget\" data-widget_type=\"text-editor.default\">\n\t\t\t\t<div class=\"elementor-widget-container\">\n\t\t\t\t\t\t\t\t\t<p><a href=\"https:\/\/www.swisslife.ch\/fr\/qui-sommes-nous.html\" target=\"_blank\" rel=\"noopener\">Swiss Life<\/a> est un fournisseur leader de solutions de pr\u00e9voyance et de financement en Suisse. L\u2019entreprise propose des services complets dans les domaines de la pr\u00e9voyance vieillesse, de l\u2019assurance-vie et de la gestion de fortune, afin de permettre \u00e0 ses client(e)s de mener une vie autonome. <\/p>\t\t\t\t\t\t\t\t<\/div>\n\t\t\t\t<\/div>\n\t\t\t\t<div class=\"elementor-element elementor-element-47839b3 elementor-widget elementor-widget-text-editor\" data-id=\"47839b3\" data-element_type=\"widget\" data-e-type=\"widget\" data-widget_type=\"text-editor.default\">\n\t\t\t\t<div class=\"elementor-widget-container\">\n\t\t\t\t\t\t\t\t\tSwiss Life se concentre sur la proposition de solutions financi\u00e8res individuelles, adapt\u00e9es aux diff\u00e9rents besoins de ses clients.\t\t\t\t\t\t\t\t<\/div>\n\t\t\t\t<\/div>\n\t\t\t\t<\/div>\n\t\t\t\t<\/div>\n\t\t<div class=\"elementor-element elementor-element-883b420 e-con-full custom-kpt-sec e-flex e-con e-child\" data-id=\"883b420\" data-element_type=\"container\" data-e-type=\"container\" data-settings=\"{&quot;background_background&quot;:&quot;classic&quot;}\">\n\t\t\t\t<\/div>\n\t\t\t\t<\/div>\n\t\t\t\t\t<\/div>\n\t\t\t\t<\/div>\n\t\t\t\t<\/div>\n\t\t","protected":false},"excerpt":{"rendered":"<p>Nos partenaires Notre objectif principal est de pouvoir vous conseiller et vous accompagner de mani\u00e8re globale sur les questions d\u2019assurance. Pour y parvenir, nous misons sur un vaste r\u00e9seau de partenaires soigneusement s\u00e9lectionn\u00e9s. Lors d\u2019un entretien de conseil personnalis\u00e9, nous d\u00e9terminerons ensemble comment vous pouvez, vous aussi, profiter de mani\u00e8re optimale des services de nos [&hellip;]<\/p>\n","protected":false},"author":1,"featured_media":0,"parent":0,"menu_order":0,"comment_status":"closed","ping_status":"closed","template":"","meta":{"_acf_changed":false,"footnotes":""},"class_list":["post-11006","page","type-page","status-publish","hentry"],"acf":[],"yoast_head":"<!-- This site is optimized with the Yoast SEO plugin v27.3 - https:\/\/yoast.com\/product\/yoast-seo-wordpress\/ -->\n<title>Nos partenaires simply \u2013 r\u00e9seau de caisses-maladie fiables<\/title>\n<meta name=\"description\" content=\"D\u00e9couvrez les partenaires de simply : votre courtier vous conseille pour choisir les meilleures caisses-maladie et solutions d\u2019assurance adapt\u00e9es.\" \/>\n<meta name=\"robots\" content=\"index, follow, max-snippet:-1, max-image-preview:large, max-video-preview:-1\" \/>\n<link rel=\"canonical\" href=\"https:\/\/simply.ch\/fr\/partenaires\/\" \/>\n<meta property=\"og:locale\" content=\"fr_FR\" \/>\n<meta property=\"og:type\" content=\"article\" \/>\n<meta property=\"og:title\" content=\"Nos partenaires simply \u2013 r\u00e9seau de caisses-maladie fiables\" \/>\n<meta property=\"og:description\" content=\"D\u00e9couvrez les partenaires de simply : votre courtier vous conseille pour choisir les meilleures caisses-maladie et solutions d\u2019assurance adapt\u00e9es.\" \/>\n<meta property=\"og:url\" content=\"https:\/\/simply.ch\/fr\/partenaires\/\" \/>\n<meta property=\"og:site_name\" content=\"Simply\" \/>\n<meta property=\"article:modified_time\" content=\"2026-03-17T06:18:19+00:00\" \/>\n<meta property=\"og:image\" content=\"https:\/\/simply.ch\/wp-content\/uploads\/2025\/09\/simply-partner-hero.png\" \/>\n<meta name=\"twitter:card\" content=\"summary_large_image\" \/>\n<meta name=\"twitter:label1\" content=\"Dur\u00e9e de lecture estim\u00e9e\" \/>\n\t<meta name=\"twitter:data1\" content=\"1 minute\" \/>\n<script type=\"application\/ld+json\" class=\"yoast-schema-graph\">{\"@context\":\"https:\\\/\\\/schema.org\",\"@graph\":[{\"@type\":\"WebPage\",\"@id\":\"https:\\\/\\\/simply.ch\\\/fr\\\/partenaires\\\/\",\"url\":\"https:\\\/\\\/simply.ch\\\/fr\\\/partenaires\\\/\",\"name\":\"Nos partenaires simply \u2013 r\u00e9seau de caisses-maladie fiables\",\"isPartOf\":{\"@id\":\"https:\\\/\\\/simply.ch\\\/fr\\\/#website\"},\"primaryImageOfPage\":{\"@id\":\"https:\\\/\\\/simply.ch\\\/fr\\\/partenaires\\\/#primaryimage\"},\"image\":{\"@id\":\"https:\\\/\\\/simply.ch\\\/fr\\\/partenaires\\\/#primaryimage\"},\"thumbnailUrl\":\"https:\\\/\\\/simply.ch\\\/wp-content\\\/uploads\\\/2025\\\/09\\\/simply-partner-hero.png\",\"datePublished\":\"2025-09-05T06:35:46+00:00\",\"dateModified\":\"2026-03-17T06:18:19+00:00\",\"description\":\"D\u00e9couvrez les partenaires de simply : votre courtier vous conseille pour choisir les meilleures caisses-maladie et solutions d\u2019assurance adapt\u00e9es.\",\"breadcrumb\":{\"@id\":\"https:\\\/\\\/simply.ch\\\/fr\\\/partenaires\\\/#breadcrumb\"},\"inLanguage\":\"fr-FR\",\"potentialAction\":[{\"@type\":\"ReadAction\",\"target\":[\"https:\\\/\\\/simply.ch\\\/fr\\\/partenaires\\\/\"]}]},{\"@type\":\"ImageObject\",\"inLanguage\":\"fr-FR\",\"@id\":\"https:\\\/\\\/simply.ch\\\/fr\\\/partenaires\\\/#primaryimage\",\"url\":\"https:\\\/\\\/simply.ch\\\/wp-content\\\/uploads\\\/2025\\\/09\\\/simply-partner-hero.png\",\"contentUrl\":\"https:\\\/\\\/simply.ch\\\/wp-content\\\/uploads\\\/2025\\\/09\\\/simply-partner-hero.png\"},{\"@type\":\"BreadcrumbList\",\"@id\":\"https:\\\/\\\/simply.ch\\\/fr\\\/partenaires\\\/#breadcrumb\",\"itemListElement\":[{\"@type\":\"ListItem\",\"position\":1,\"name\":\"Startseite\",\"item\":\"https:\\\/\\\/simply.ch\\\/fr\\\/\"},{\"@type\":\"ListItem\",\"position\":2,\"name\":\"Partenaires\"}]},{\"@type\":\"WebSite\",\"@id\":\"https:\\\/\\\/simply.ch\\\/fr\\\/#website\",\"url\":\"https:\\\/\\\/simply.ch\\\/fr\\\/\",\"name\":\"Simply\",\"description\":\"\",\"publisher\":{\"@id\":\"https:\\\/\\\/simply.ch\\\/fr\\\/#organization\"},\"potentialAction\":[{\"@type\":\"SearchAction\",\"target\":{\"@type\":\"EntryPoint\",\"urlTemplate\":\"https:\\\/\\\/simply.ch\\\/fr\\\/?s={search_term_string}\"},\"query-input\":{\"@type\":\"PropertyValueSpecification\",\"valueRequired\":true,\"valueName\":\"search_term_string\"}}],\"inLanguage\":\"fr-FR\"},{\"@type\":\"Organization\",\"@id\":\"https:\\\/\\\/simply.ch\\\/fr\\\/#organization\",\"name\":\"Simply\",\"url\":\"https:\\\/\\\/simply.ch\\\/fr\\\/\",\"logo\":{\"@type\":\"ImageObject\",\"inLanguage\":\"fr-FR\",\"@id\":\"https:\\\/\\\/simply.ch\\\/fr\\\/#\\\/schema\\\/logo\\\/image\\\/\",\"url\":\"https:\\\/\\\/simply.ch\\\/wp-content\\\/uploads\\\/2025\\\/10\\\/simply-logo.png\",\"contentUrl\":\"https:\\\/\\\/simply.ch\\\/wp-content\\\/uploads\\\/2025\\\/10\\\/simply-logo.png\",\"width\":352,\"height\":129,\"caption\":\"Simply\"},\"image\":{\"@id\":\"https:\\\/\\\/simply.ch\\\/fr\\\/#\\\/schema\\\/logo\\\/image\\\/\"}}]}<\/script>\n<!-- \/ Yoast SEO plugin. -->","yoast_head_json":{"title":"Nos partenaires simply \u2013 r\u00e9seau de caisses-maladie fiables","description":"D\u00e9couvrez les partenaires de simply : votre courtier vous conseille pour choisir les meilleures caisses-maladie et solutions d\u2019assurance adapt\u00e9es.","robots":{"index":"index","follow":"follow","max-snippet":"max-snippet:-1","max-image-preview":"max-image-preview:large","max-video-preview":"max-video-preview:-1"},"canonical":"https:\/\/simply.ch\/fr\/partenaires\/","og_locale":"fr_FR","og_type":"article","og_title":"Nos partenaires simply \u2013 r\u00e9seau de caisses-maladie fiables","og_description":"D\u00e9couvrez les partenaires de simply : votre courtier vous conseille pour choisir les meilleures caisses-maladie et solutions d\u2019assurance adapt\u00e9es.","og_url":"https:\/\/simply.ch\/fr\/partenaires\/","og_site_name":"Simply","article_modified_time":"2026-03-17T06:18:19+00:00","og_image":[{"url":"https:\/\/simply.ch\/wp-content\/uploads\/2025\/09\/simply-partner-hero.png","type":"","width":"","height":""}],"twitter_card":"summary_large_image","twitter_misc":{"Dur\u00e9e de lecture estim\u00e9e":"1 minute"},"schema":{"@context":"https:\/\/schema.org","@graph":[{"@type":"WebPage","@id":"https:\/\/simply.ch\/fr\/partenaires\/","url":"https:\/\/simply.ch\/fr\/partenaires\/","name":"Nos partenaires simply \u2013 r\u00e9seau de caisses-maladie fiables","isPartOf":{"@id":"https:\/\/simply.ch\/fr\/#website"},"primaryImageOfPage":{"@id":"https:\/\/simply.ch\/fr\/partenaires\/#primaryimage"},"image":{"@id":"https:\/\/simply.ch\/fr\/partenaires\/#primaryimage"},"thumbnailUrl":"https:\/\/simply.ch\/wp-content\/uploads\/2025\/09\/simply-partner-hero.png","datePublished":"2025-09-05T06:35:46+00:00","dateModified":"2026-03-17T06:18:19+00:00","description":"D\u00e9couvrez les partenaires de simply : votre courtier vous conseille pour choisir les meilleures caisses-maladie et solutions d\u2019assurance adapt\u00e9es.","breadcrumb":{"@id":"https:\/\/simply.ch\/fr\/partenaires\/#breadcrumb"},"inLanguage":"fr-FR","potentialAction":[{"@type":"ReadAction","target":["https:\/\/simply.ch\/fr\/partenaires\/"]}]},{"@type":"ImageObject","inLanguage":"fr-FR","@id":"https:\/\/simply.ch\/fr\/partenaires\/#primaryimage","url":"https:\/\/simply.ch\/wp-content\/uploads\/2025\/09\/simply-partner-hero.png","contentUrl":"https:\/\/simply.ch\/wp-content\/uploads\/2025\/09\/simply-partner-hero.png"},{"@type":"BreadcrumbList","@id":"https:\/\/simply.ch\/fr\/partenaires\/#breadcrumb","itemListElement":[{"@type":"ListItem","position":1,"name":"Startseite","item":"https:\/\/simply.ch\/fr\/"},{"@type":"ListItem","position":2,"name":"Partenaires"}]},{"@type":"WebSite","@id":"https:\/\/simply.ch\/fr\/#website","url":"https:\/\/simply.ch\/fr\/","name":"Simply","description":"","publisher":{"@id":"https:\/\/simply.ch\/fr\/#organization"},"potentialAction":[{"@type":"SearchAction","target":{"@type":"EntryPoint","urlTemplate":"https:\/\/simply.ch\/fr\/?s={search_term_string}"},"query-input":{"@type":"PropertyValueSpecification","valueRequired":true,"valueName":"search_term_string"}}],"inLanguage":"fr-FR"},{"@type":"Organization","@id":"https:\/\/simply.ch\/fr\/#organization","name":"Simply","url":"https:\/\/simply.ch\/fr\/","logo":{"@type":"ImageObject","inLanguage":"fr-FR","@id":"https:\/\/simply.ch\/fr\/#\/schema\/logo\/image\/","url":"https:\/\/simply.ch\/wp-content\/uploads\/2025\/10\/simply-logo.png","contentUrl":"https:\/\/simply.ch\/wp-content\/uploads\/2025\/10\/simply-logo.png","width":352,"height":129,"caption":"Simply"},"image":{"@id":"https:\/\/simply.ch\/fr\/#\/schema\/logo\/image\/"}}]}},"_links":{"self":[{"href":"https:\/\/simply.ch\/fr\/wp-json\/wp\/v2\/pages\/11006","targetHints":{"allow":["GET"]}}],"collection":[{"href":"https:\/\/simply.ch\/fr\/wp-json\/wp\/v2\/pages"}],"about":[{"href":"https:\/\/simply.ch\/fr\/wp-json\/wp\/v2\/types\/page"}],"author":[{"embeddable":true,"href":"https:\/\/simply.ch\/fr\/wp-json\/wp\/v2\/users\/1"}],"replies":[{"embeddable":true,"href":"https:\/\/simply.ch\/fr\/wp-json\/wp\/v2\/comments?post=11006"}],"version-history":[{"count":10,"href":"https:\/\/simply.ch\/fr\/wp-json\/wp\/v2\/pages\/11006\/revisions"}],"predecessor-version":[{"id":14887,"href":"https:\/\/simply.ch\/fr\/wp-json\/wp\/v2\/pages\/11006\/revisions\/14887"}],"wp:attachment":[{"href":"https:\/\/simply.ch\/fr\/wp-json\/wp\/v2\/media?parent=11006"}],"curies":[{"name":"wp","href":"https:\/\/api.w.org\/{rel}","templated":true}]}}