{"id":14031,"date":"2025-11-26T12:48:37","date_gmt":"2025-11-26T12:48:37","guid":{"rendered":"https:\/\/simply.ch\/conditions-de-participation-a-la-recommandation\/"},"modified":"2025-11-27T04:46:12","modified_gmt":"2025-11-27T04:46:12","slug":"conditions-de-participation-a-la-recommandation","status":"publish","type":"page","link":"https:\/\/simply.ch\/fr\/conditions-de-participation-a-la-recommandation\/","title":{"rendered":"Conditions de participation \u00e0 la recommandation"},"content":{"rendered":"\t\t<div data-elementor-type=\"wp-page\" data-elementor-id=\"14031\" class=\"elementor elementor-14031 elementor-13933\" data-elementor-post-type=\"page\">\n\t\t\t\t<div class=\"elementor-element elementor-element-506347f e-flex e-con-boxed e-con e-parent\" data-id=\"506347f\" data-element_type=\"container\" data-e-type=\"container\" data-settings=\"{&quot;background_background&quot;:&quot;classic&quot;}\">\n\t\t\t\t\t<div class=\"e-con-inner\">\n\t\t<div class=\"elementor-element elementor-element-0d16e7c e-flex e-con-boxed e-con e-child\" data-id=\"0d16e7c\" data-element_type=\"container\" data-e-type=\"container\">\n\t\t\t\t\t<div class=\"e-con-inner\">\n\t\t<div class=\"elementor-element elementor-element-1cccc48 e-con-full e-flex e-con e-child\" data-id=\"1cccc48\" data-element_type=\"container\" data-e-type=\"container\">\n\t\t\t\t<div class=\"elementor-element elementor-element-9e29571 elementor-widget elementor-widget-heading\" data-id=\"9e29571\" data-element_type=\"widget\" data-e-type=\"widget\" data-widget_type=\"heading.default\">\n\t\t\t\t<div class=\"elementor-widget-container\">\n\t\t\t\t\t<h1 class=\"elementor-heading-title elementor-size-default\">Conditions de participation \u00e0 la recommandation<\/h1>\t\t\t\t<\/div>\n\t\t\t\t<\/div>\n\t\t\t\t<\/div>\n\t\t<div class=\"elementor-element elementor-element-c4930ec e-con-full e-flex e-con e-child\" data-id=\"c4930ec\" data-element_type=\"container\" data-e-type=\"container\">\n\t\t\t\t<div class=\"elementor-element elementor-element-43e43c2 single-job-listt date-list elementor-widget elementor-widget-text-editor\" data-id=\"43e43c2\" data-element_type=\"widget\" data-e-type=\"widget\" data-widget_type=\"text-editor.default\">\n\t\t\t\t<div class=\"elementor-widget-container\">\n\t\t\t\t\t\t\t\t\t<ul><li>L\u2019offre de recommandation n\u2019est valable que pour les personnes physiques. La participation est ouverte aux personnes recommand\u00e9es \u00e2g\u00e9es de 18 ans ou plus. <\/li><li>Sont consid\u00e9r\u00e9s comme nouvelle inscription uniquement les clients qui n\u2019ont pas de contrat en cours (assurance de base et\/ou compl\u00e9mentaire) aupr\u00e8s de la CPT au moment de l\u2019\u00e9tablissement du contrat.<\/li><li>Les personnes qui ont d\u00e9j\u00e0 assur\u00e9 une couverture active (assurance de base et\/ou compl\u00e9mentaire) aupr\u00e8s de la CPT re\u00e7oivent une prime de recommandation pour le placement de membres de la famille (\u00e9galement pour les nouveau-n\u00e9s).<\/li><li>Les contrats conclus par l\u2019interm\u00e9diaire de collaborateurs Simply sont exclus de l\u2019action.<\/li><li>S\u2019il devait s\u2019av\u00e9rer, apr\u00e8s le versement du bonus de recommandation ou du montant de bienvenue, que le changement d\u2019assurance n\u2019a pas \u00e9t\u00e9 effectu\u00e9 valablement, par exemple en raison d\u2019une double assurance, la CPT peut exiger le remboursement des montants vers\u00e9s.<\/li><\/ul>\t\t\t\t\t\t\t\t<\/div>\n\t\t\t\t<\/div>\n\t\t\t\t<\/div>\n\t\t\t\t\t<\/div>\n\t\t\t\t<\/div>\n\t\t\t\t\t<\/div>\n\t\t\t\t<\/div>\n\t\t\t\t<\/div>\n\t\t","protected":false},"excerpt":{"rendered":"<p>Conditions de participation \u00e0 la recommandation L\u2019offre de recommandation n\u2019est valable que pour les personnes physiques. La participation est ouverte aux personnes recommand\u00e9es \u00e2g\u00e9es de 18 ans ou plus. Sont consid\u00e9r\u00e9s comme nouvelle inscription uniquement les clients qui n\u2019ont pas de contrat en cours (assurance de base et\/ou compl\u00e9mentaire) aupr\u00e8s de la CPT au moment [&hellip;]<\/p>\n","protected":false},"author":1,"featured_media":0,"parent":0,"menu_order":0,"comment_status":"closed","ping_status":"closed","template":"","meta":{"_acf_changed":false,"footnotes":""},"class_list":["post-14031","page","type-page","status-publish","hentry"],"acf":[],"yoast_head":"<!-- This site is optimized with the Yoast SEO plugin v27.3 - https:\/\/yoast.com\/product\/yoast-seo-wordpress\/ -->\n<title>Conditions de participation \u00e0 la recommandation | simply<\/title>\n<meta name=\"description\" content=\"Conditions de participation \u00e0 la recommandation L&#039;offre de recommandation n&#039;est valable que pour les personnes physiques. La participation est ouverte aux personnes recommand\u00e9es \u00e2g\u00e9es de 18 ans ou plus. Sont consid\u00e9r\u00e9s comme nouvelle inscription uniquement les clients qui n&#039;ont pas de contrat en cours (assurance de base et\/ou compl\u00e9mentaire) aupr\u00e8s de la CPT au moment\" \/>\n<meta name=\"robots\" content=\"index, follow, max-snippet:-1, max-image-preview:large, max-video-preview:-1\" \/>\n<link rel=\"canonical\" href=\"https:\/\/simply.ch\/fr\/conditions-de-participation-a-la-recommandation\/\" \/>\n<meta property=\"og:locale\" content=\"fr_FR\" \/>\n<meta property=\"og:type\" content=\"article\" \/>\n<meta property=\"og:title\" content=\"Conditions de participation \u00e0 la recommandation | simply\" \/>\n<meta property=\"og:description\" content=\"Conditions de participation \u00e0 la recommandation L&#039;offre de recommandation n&#039;est valable que pour les personnes physiques. La participation est ouverte aux personnes recommand\u00e9es \u00e2g\u00e9es de 18 ans ou plus. Sont consid\u00e9r\u00e9s comme nouvelle inscription uniquement les clients qui n&#039;ont pas de contrat en cours (assurance de base et\/ou compl\u00e9mentaire) aupr\u00e8s de la CPT au moment\" \/>\n<meta property=\"og:url\" content=\"https:\/\/simply.ch\/fr\/conditions-de-participation-a-la-recommandation\/\" \/>\n<meta property=\"og:site_name\" content=\"Simply\" \/>\n<meta property=\"article:modified_time\" content=\"2025-11-27T04:46:12+00:00\" \/>\n<meta name=\"twitter:card\" content=\"summary_large_image\" \/>\n<meta name=\"twitter:label1\" content=\"Dur\u00e9e de lecture estim\u00e9e\" \/>\n\t<meta name=\"twitter:data1\" content=\"1 minute\" \/>\n<script type=\"application\/ld+json\" class=\"yoast-schema-graph\">{\"@context\":\"https:\\\/\\\/schema.org\",\"@graph\":[{\"@type\":\"WebPage\",\"@id\":\"https:\\\/\\\/simply.ch\\\/fr\\\/conditions-de-participation-a-la-recommandation\\\/\",\"url\":\"https:\\\/\\\/simply.ch\\\/fr\\\/conditions-de-participation-a-la-recommandation\\\/\",\"name\":\"Conditions de participation \u00e0 la recommandation | simply\",\"isPartOf\":{\"@id\":\"https:\\\/\\\/simply.ch\\\/fr\\\/#website\"},\"datePublished\":\"2025-11-26T12:48:37+00:00\",\"dateModified\":\"2025-11-27T04:46:12+00:00\",\"description\":\"Conditions de participation \u00e0 la recommandation L'offre de recommandation n'est valable que pour les personnes physiques. La participation est ouverte aux personnes recommand\u00e9es \u00e2g\u00e9es de 18 ans ou plus. Sont consid\u00e9r\u00e9s comme nouvelle inscription uniquement les clients qui n'ont pas de contrat en cours (assurance de base et\\\/ou compl\u00e9mentaire) aupr\u00e8s de la CPT au moment\",\"breadcrumb\":{\"@id\":\"https:\\\/\\\/simply.ch\\\/fr\\\/conditions-de-participation-a-la-recommandation\\\/#breadcrumb\"},\"inLanguage\":\"fr-FR\",\"potentialAction\":[{\"@type\":\"ReadAction\",\"target\":[\"https:\\\/\\\/simply.ch\\\/fr\\\/conditions-de-participation-a-la-recommandation\\\/\"]}]},{\"@type\":\"BreadcrumbList\",\"@id\":\"https:\\\/\\\/simply.ch\\\/fr\\\/conditions-de-participation-a-la-recommandation\\\/#breadcrumb\",\"itemListElement\":[{\"@type\":\"ListItem\",\"position\":1,\"name\":\"Startseite\",\"item\":\"https:\\\/\\\/simply.ch\\\/fr\\\/\"},{\"@type\":\"ListItem\",\"position\":2,\"name\":\"Conditions de participation \u00e0 la recommandation\"}]},{\"@type\":\"WebSite\",\"@id\":\"https:\\\/\\\/simply.ch\\\/fr\\\/#website\",\"url\":\"https:\\\/\\\/simply.ch\\\/fr\\\/\",\"name\":\"Simply\",\"description\":\"\",\"publisher\":{\"@id\":\"https:\\\/\\\/simply.ch\\\/fr\\\/#organization\"},\"potentialAction\":[{\"@type\":\"SearchAction\",\"target\":{\"@type\":\"EntryPoint\",\"urlTemplate\":\"https:\\\/\\\/simply.ch\\\/fr\\\/?s={search_term_string}\"},\"query-input\":{\"@type\":\"PropertyValueSpecification\",\"valueRequired\":true,\"valueName\":\"search_term_string\"}}],\"inLanguage\":\"fr-FR\"},{\"@type\":\"Organization\",\"@id\":\"https:\\\/\\\/simply.ch\\\/fr\\\/#organization\",\"name\":\"Simply\",\"url\":\"https:\\\/\\\/simply.ch\\\/fr\\\/\",\"logo\":{\"@type\":\"ImageObject\",\"inLanguage\":\"fr-FR\",\"@id\":\"https:\\\/\\\/simply.ch\\\/fr\\\/#\\\/schema\\\/logo\\\/image\\\/\",\"url\":\"https:\\\/\\\/simply.ch\\\/wp-content\\\/uploads\\\/2025\\\/10\\\/simply-logo.png\",\"contentUrl\":\"https:\\\/\\\/simply.ch\\\/wp-content\\\/uploads\\\/2025\\\/10\\\/simply-logo.png\",\"width\":352,\"height\":129,\"caption\":\"Simply\"},\"image\":{\"@id\":\"https:\\\/\\\/simply.ch\\\/fr\\\/#\\\/schema\\\/logo\\\/image\\\/\"}}]}<\/script>\n<!-- \/ Yoast SEO plugin. -->","yoast_head_json":{"title":"Conditions de participation \u00e0 la recommandation | simply","description":"Conditions de participation \u00e0 la recommandation L'offre de recommandation n'est valable que pour les personnes physiques. La participation est ouverte aux personnes recommand\u00e9es \u00e2g\u00e9es de 18 ans ou plus. Sont consid\u00e9r\u00e9s comme nouvelle inscription uniquement les clients qui n'ont pas de contrat en cours (assurance de base et\/ou compl\u00e9mentaire) aupr\u00e8s de la CPT au moment","robots":{"index":"index","follow":"follow","max-snippet":"max-snippet:-1","max-image-preview":"max-image-preview:large","max-video-preview":"max-video-preview:-1"},"canonical":"https:\/\/simply.ch\/fr\/conditions-de-participation-a-la-recommandation\/","og_locale":"fr_FR","og_type":"article","og_title":"Conditions de participation \u00e0 la recommandation | simply","og_description":"Conditions de participation \u00e0 la recommandation L'offre de recommandation n'est valable que pour les personnes physiques. La participation est ouverte aux personnes recommand\u00e9es \u00e2g\u00e9es de 18 ans ou plus. Sont consid\u00e9r\u00e9s comme nouvelle inscription uniquement les clients qui n'ont pas de contrat en cours (assurance de base et\/ou compl\u00e9mentaire) aupr\u00e8s de la CPT au moment","og_url":"https:\/\/simply.ch\/fr\/conditions-de-participation-a-la-recommandation\/","og_site_name":"Simply","article_modified_time":"2025-11-27T04:46:12+00:00","twitter_card":"summary_large_image","twitter_misc":{"Dur\u00e9e de lecture estim\u00e9e":"1 minute"},"schema":{"@context":"https:\/\/schema.org","@graph":[{"@type":"WebPage","@id":"https:\/\/simply.ch\/fr\/conditions-de-participation-a-la-recommandation\/","url":"https:\/\/simply.ch\/fr\/conditions-de-participation-a-la-recommandation\/","name":"Conditions de participation \u00e0 la recommandation | simply","isPartOf":{"@id":"https:\/\/simply.ch\/fr\/#website"},"datePublished":"2025-11-26T12:48:37+00:00","dateModified":"2025-11-27T04:46:12+00:00","description":"Conditions de participation \u00e0 la recommandation L'offre de recommandation n'est valable que pour les personnes physiques. La participation est ouverte aux personnes recommand\u00e9es \u00e2g\u00e9es de 18 ans ou plus. Sont consid\u00e9r\u00e9s comme nouvelle inscription uniquement les clients qui n'ont pas de contrat en cours (assurance de base et\/ou compl\u00e9mentaire) aupr\u00e8s de la CPT au moment","breadcrumb":{"@id":"https:\/\/simply.ch\/fr\/conditions-de-participation-a-la-recommandation\/#breadcrumb"},"inLanguage":"fr-FR","potentialAction":[{"@type":"ReadAction","target":["https:\/\/simply.ch\/fr\/conditions-de-participation-a-la-recommandation\/"]}]},{"@type":"BreadcrumbList","@id":"https:\/\/simply.ch\/fr\/conditions-de-participation-a-la-recommandation\/#breadcrumb","itemListElement":[{"@type":"ListItem","position":1,"name":"Startseite","item":"https:\/\/simply.ch\/fr\/"},{"@type":"ListItem","position":2,"name":"Conditions de participation \u00e0 la recommandation"}]},{"@type":"WebSite","@id":"https:\/\/simply.ch\/fr\/#website","url":"https:\/\/simply.ch\/fr\/","name":"Simply","description":"","publisher":{"@id":"https:\/\/simply.ch\/fr\/#organization"},"potentialAction":[{"@type":"SearchAction","target":{"@type":"EntryPoint","urlTemplate":"https:\/\/simply.ch\/fr\/?s={search_term_string}"},"query-input":{"@type":"PropertyValueSpecification","valueRequired":true,"valueName":"search_term_string"}}],"inLanguage":"fr-FR"},{"@type":"Organization","@id":"https:\/\/simply.ch\/fr\/#organization","name":"Simply","url":"https:\/\/simply.ch\/fr\/","logo":{"@type":"ImageObject","inLanguage":"fr-FR","@id":"https:\/\/simply.ch\/fr\/#\/schema\/logo\/image\/","url":"https:\/\/simply.ch\/wp-content\/uploads\/2025\/10\/simply-logo.png","contentUrl":"https:\/\/simply.ch\/wp-content\/uploads\/2025\/10\/simply-logo.png","width":352,"height":129,"caption":"Simply"},"image":{"@id":"https:\/\/simply.ch\/fr\/#\/schema\/logo\/image\/"}}]}},"_links":{"self":[{"href":"https:\/\/simply.ch\/fr\/wp-json\/wp\/v2\/pages\/14031","targetHints":{"allow":["GET"]}}],"collection":[{"href":"https:\/\/simply.ch\/fr\/wp-json\/wp\/v2\/pages"}],"about":[{"href":"https:\/\/simply.ch\/fr\/wp-json\/wp\/v2\/types\/page"}],"author":[{"embeddable":true,"href":"https:\/\/simply.ch\/fr\/wp-json\/wp\/v2\/users\/1"}],"replies":[{"embeddable":true,"href":"https:\/\/simply.ch\/fr\/wp-json\/wp\/v2\/comments?post=14031"}],"version-history":[{"count":1,"href":"https:\/\/simply.ch\/fr\/wp-json\/wp\/v2\/pages\/14031\/revisions"}],"predecessor-version":[{"id":14032,"href":"https:\/\/simply.ch\/fr\/wp-json\/wp\/v2\/pages\/14031\/revisions\/14032"}],"wp:attachment":[{"href":"https:\/\/simply.ch\/fr\/wp-json\/wp\/v2\/media?parent=14031"}],"curies":[{"name":"wp","href":"https:\/\/api.w.org\/{rel}","templated":true}]}}