{"id":11008,"date":"2025-09-05T06:35:46","date_gmt":"2025-09-05T06:35:46","guid":{"rendered":"https:\/\/simply.ch\/partner\/"},"modified":"2026-03-17T06:18:19","modified_gmt":"2026-03-17T06:18:19","slug":"partner","status":"publish","type":"page","link":"https:\/\/simply.ch\/it\/partner\/","title":{"rendered":"Partner"},"content":{"rendered":"\t\t<div data-elementor-type=\"wp-page\" data-elementor-id=\"11008\" class=\"elementor elementor-11008 elementor-3914\" data-elementor-post-type=\"page\">\n\t\t\t\t<div class=\"elementor-element elementor-element-1b60424 e-flex e-con-boxed e-con e-parent\" data-id=\"1b60424\" data-element_type=\"container\" data-e-type=\"container\" data-settings=\"{&quot;background_background&quot;:&quot;classic&quot;}\">\n\t\t\t\t\t<div class=\"e-con-inner\">\n\t\t<div class=\"elementor-element elementor-element-0e1643c e-con-full e-flex e-con e-child\" data-id=\"0e1643c\" data-element_type=\"container\" data-e-type=\"container\">\n\t\t<div class=\"elementor-element elementor-element-5079b08 e-con-full e-flex e-con e-child\" data-id=\"5079b08\" data-element_type=\"container\" data-e-type=\"container\">\n\t\t<div class=\"elementor-element elementor-element-f8602f4 e-con-full e-flex e-con e-child\" data-id=\"f8602f4\" data-element_type=\"container\" data-e-type=\"container\">\n\t\t\t\t<div class=\"elementor-element elementor-element-71903bb elementor-widget-mobile__width-inherit main-color elementor-widget elementor-widget-heading\" data-id=\"71903bb\" data-element_type=\"widget\" data-e-type=\"widget\" data-widget_type=\"heading.default\">\n\t\t\t\t<div class=\"elementor-widget-container\">\n\t\t\t\t\t<h1 class=\"elementor-heading-title elementor-size-default\"><span>I nostri <\/span>partner<\/h1>\t\t\t\t<\/div>\n\t\t\t\t<\/div>\n\t\t\t\t<\/div>\n\t\t<div class=\"elementor-element elementor-element-6c2e6df e-con-full e-flex e-con e-child\" data-id=\"6c2e6df\" data-element_type=\"container\" data-e-type=\"container\">\n\t\t\t\t<div class=\"elementor-element elementor-element-5d3953a elementor-widget__width-initial elementor-widget-mobile__width-inherit elementor-widget elementor-widget-text-editor\" data-id=\"5d3953a\" data-element_type=\"widget\" data-e-type=\"widget\" data-widget_type=\"text-editor.default\">\n\t\t\t\t<div class=\"elementor-widget-container\">\n\t\t\t\t\t\t\t\t\t<p>Il nostro obiettivo principale \u00e8 poterti consigliare e assistere in modo completo in materia assicurativa. Per raggiungere questo obiettivo, ci avvaliamo di una vasta rete di partner accuratamente selezionati. <\/p>\t\t\t\t\t\t\t\t<\/div>\n\t\t\t\t<\/div>\n\t\t\t\t<div class=\"elementor-element elementor-element-403bec0 elementor-widget__width-initial elementor-widget elementor-widget-text-editor\" data-id=\"403bec0\" data-element_type=\"widget\" data-e-type=\"widget\" data-widget_type=\"text-editor.default\">\n\t\t\t\t<div class=\"elementor-widget-container\">\n\t\t\t\t\t\t\t\t\t<p>Durante una consulenza personale, scopriremo insieme come anche tu puoi beneficiare al meglio dei servizi delle nostre aziende partner. Non vediamo l\u2019ora di conoscerti. <\/p>\t\t\t\t\t\t\t\t<\/div>\n\t\t\t\t<\/div>\n\t\t\t\t<\/div>\n\t\t\t\t<\/div>\n\t\t<div class=\"elementor-element elementor-element-ad85db3 e-con-full e-flex e-con e-child\" data-id=\"ad85db3\" data-element_type=\"container\" data-e-type=\"container\">\n\t\t\t\t<div class=\"elementor-element elementor-element-d8ef163 elementor-widget elementor-widget-image\" data-id=\"d8ef163\" data-element_type=\"widget\" data-e-type=\"widget\" data-widget_type=\"image.default\">\n\t\t\t\t<div class=\"elementor-widget-container\">\n\t\t\t\t\t\t\t\t\t\t\t\t\t\t\t<img fetchpriority=\"high\" decoding=\"async\" width=\"1146\" height=\"400\" src=\"https:\/\/simply.ch\/wp-content\/uploads\/2025\/09\/simply-partner-hero.png\" class=\"attachment-full size-full wp-image-7560\" alt=\"Hero-Bild simply Partnernetzwerk und Versicherungspartner\" srcset=\"https:\/\/simply.ch\/wp-content\/uploads\/2025\/09\/simply-partner-hero.png 1146w, https:\/\/simply.ch\/wp-content\/uploads\/2025\/09\/simply-partner-hero-300x105.png 300w, https:\/\/simply.ch\/wp-content\/uploads\/2025\/09\/simply-partner-hero-1024x357.png 1024w, https:\/\/simply.ch\/wp-content\/uploads\/2025\/09\/simply-partner-hero-768x268.png 768w\" sizes=\"(max-width: 1146px) 100vw, 1146px\" \/>\t\t\t\t\t\t\t\t\t\t\t\t\t\t\t<\/div>\n\t\t\t\t<\/div>\n\t\t\t\t<\/div>\n\t\t\t\t<\/div>\n\t\t\t\t\t<\/div>\n\t\t\t\t<\/div>\n\t\t<div class=\"elementor-element elementor-element-ed55091 e-flex e-con-boxed e-con e-parent\" data-id=\"ed55091\" data-element_type=\"container\" data-e-type=\"container\" data-settings=\"{&quot;background_background&quot;:&quot;classic&quot;}\">\n\t\t\t\t\t<div class=\"e-con-inner\">\n\t\t<div class=\"elementor-element elementor-element-34b9477 e-con-full e-flex e-con e-child\" data-id=\"34b9477\" data-element_type=\"container\" data-e-type=\"container\">\n\t\t<div class=\"elementor-element elementor-element-a554eef e-con-full e-flex e-con e-child\" data-id=\"a554eef\" data-element_type=\"container\" data-e-type=\"container\">\n\t\t<div class=\"elementor-element elementor-element-9c714c1 e-con-full e-flex e-con e-child\" data-id=\"9c714c1\" data-element_type=\"container\" data-e-type=\"container\">\n\t\t\t\t<div class=\"elementor-element elementor-element-b4d3231 elementor-widget-mobile__width-inherit main-color elementor-widget elementor-widget-heading\" data-id=\"b4d3231\" data-element_type=\"widget\" data-e-type=\"widget\" data-widget_type=\"heading.default\">\n\t\t\t\t<div class=\"elementor-widget-container\">\n\t\t\t\t\t<h2 class=\"elementor-heading-title elementor-size-default\"><span>La rete di partner<\/span> di simply<\/h2>\t\t\t\t<\/div>\n\t\t\t\t<\/div>\n\t\t\t\t<\/div>\n\t\t\t\t<\/div>\n\t\t\t\t<\/div>\n\t\t\t\t\t<\/div>\n\t\t\t\t<\/div>\n\t\t<div class=\"elementor-element elementor-element-37dbfae e-flex e-con-boxed e-con e-parent\" data-id=\"37dbfae\" data-element_type=\"container\" data-e-type=\"container\" data-settings=\"{&quot;background_background&quot;:&quot;classic&quot;}\">\n\t\t\t\t\t<div class=\"e-con-inner\">\n\t\t<div class=\"elementor-element elementor-element-08d2504 e-con-full e-flex e-con e-child\" data-id=\"08d2504\" data-element_type=\"container\" data-e-type=\"container\">\n\t\t<div class=\"elementor-element elementor-element-f397e3f e-con-full e-flex e-con e-child\" data-id=\"f397e3f\" data-element_type=\"container\" data-e-type=\"container\">\n\t\t\t\t<div class=\"elementor-element elementor-element-9633cc3 elementor-widget-mobile__width-inherit main-color elementor-widget elementor-widget-heading\" data-id=\"9633cc3\" data-element_type=\"widget\" data-e-type=\"widget\" data-widget_type=\"heading.default\">\n\t\t\t\t<div class=\"elementor-widget-container\">\n\t\t\t\t\t<h2 class=\"elementor-heading-title elementor-size-default\"><span>KPT<\/span><\/h2>\t\t\t\t<\/div>\n\t\t\t\t<\/div>\n\t\t<div class=\"elementor-element elementor-element-0723d27 e-con-full e-flex e-con e-child\" data-id=\"0723d27\" data-element_type=\"container\" data-e-type=\"container\">\n\t\t\t\t<div class=\"elementor-element elementor-element-082f691 elementor-widget elementor-widget-text-editor\" data-id=\"082f691\" data-element_type=\"widget\" data-e-type=\"widget\" data-widget_type=\"text-editor.default\">\n\t\t\t\t<div class=\"elementor-widget-container\">\n\t\t\t\t\t\t\t\t\t<p><a href=\"https:\/\/www.kpt.ch\/it\" target=\"_blank\" rel=\"noopener\">KPT<\/a> \u00e8 la societ\u00e0 madre di simply services ag. L\u2019azienda, con sede principale a Berna, opera in tutta la Svizzera ed \u00e8 una delle dieci maggiori casse malati in Svizzera.<\/p>\t\t\t\t\t\t\t\t<\/div>\n\t\t\t\t<\/div>\n\t\t\t\t<div class=\"elementor-element elementor-element-dbb1634 elementor-widget elementor-widget-text-editor\" data-id=\"dbb1634\" data-element_type=\"widget\" data-e-type=\"widget\" data-widget_type=\"text-editor.default\">\n\t\t\t\t<div class=\"elementor-widget-container\">\n\t\t\t\t\t\t\t\t\t<p>L&#8217;azienda, fondata nel 1890, pone particolare enfasi sulla consulenza personale ai clienti e sull&#8217;alta qualit\u00e0 del servizio.<\/p>\t\t\t\t\t\t\t\t<\/div>\n\t\t\t\t<\/div>\n\t\t\t\t<\/div>\n\t\t\t\t<\/div>\n\t\t<div class=\"elementor-element elementor-element-e2dbde0 e-con-full custom-kpt-sec e-flex e-con e-child\" data-id=\"e2dbde0\" data-element_type=\"container\" data-e-type=\"container\" data-settings=\"{&quot;background_background&quot;:&quot;classic&quot;}\">\n\t\t\t\t<\/div>\n\t\t\t\t<\/div>\n\t\t\t\t\t<\/div>\n\t\t\t\t<\/div>\n\t\t<div class=\"elementor-element elementor-element-c05255f e-flex e-con-boxed e-con e-parent\" data-id=\"c05255f\" data-element_type=\"container\" data-e-type=\"container\" data-settings=\"{&quot;background_background&quot;:&quot;classic&quot;}\">\n\t\t\t\t\t<div class=\"e-con-inner\">\n\t\t<div class=\"elementor-element elementor-element-973b0a0 e-con-full e-flex e-con e-child\" data-id=\"973b0a0\" data-element_type=\"container\" data-e-type=\"container\">\n\t\t<div class=\"elementor-element elementor-element-bbf6e0e e-con-full custom-kpt-sec e-flex e-con e-child\" data-id=\"bbf6e0e\" data-element_type=\"container\" data-e-type=\"container\" data-settings=\"{&quot;background_background&quot;:&quot;classic&quot;}\">\n\t\t\t\t<\/div>\n\t\t<div class=\"elementor-element elementor-element-b564b1c e-con-full e-flex e-con e-child\" data-id=\"b564b1c\" data-element_type=\"container\" data-e-type=\"container\">\n\t\t\t\t<div class=\"elementor-element elementor-element-5c8c7cf elementor-widget-mobile__width-inherit main-color elementor-widget elementor-widget-heading\" data-id=\"5c8c7cf\" data-element_type=\"widget\" data-e-type=\"widget\" data-widget_type=\"heading.default\">\n\t\t\t\t<div class=\"elementor-widget-container\">\n\t\t\t\t\t<h2 class=\"elementor-heading-title elementor-size-default\"><span>Zurigo<\/span><\/h2>\t\t\t\t<\/div>\n\t\t\t\t<\/div>\n\t\t<div class=\"elementor-element elementor-element-5ccd136 e-con-full e-flex e-con e-child\" data-id=\"5ccd136\" data-element_type=\"container\" data-e-type=\"container\">\n\t\t\t\t<div class=\"elementor-element elementor-element-abacd95 elementor-widget elementor-widget-text-editor\" data-id=\"abacd95\" data-element_type=\"widget\" data-e-type=\"widget\" data-widget_type=\"text-editor.default\">\n\t\t\t\t<div class=\"elementor-widget-container\">\n\t\t\t\t\t\t\t\t\tZurich \u00e8 una delle principali compagnie assicurative svizzere con sede a Zurigo. Dal 1872 offre soluzioni complete nei settori della previdenza e delle assicurazioni per clienti privati e aziendali. Zurich attribuisce grande importanza alla consulenza personale, all&#8217;elevata qualit\u00e0 del servizio e a servizi digitali innovativi.  \t\t\t\t\t\t\t\t<\/div>\n\t\t\t\t<\/div>\n\t\t\t\t<div class=\"elementor-element elementor-element-662b9f2 elementor-widget elementor-widget-text-editor\" data-id=\"662b9f2\" data-element_type=\"widget\" data-e-type=\"widget\" data-widget_type=\"text-editor.default\">\n\t\t\t\t<div class=\"elementor-widget-container\">\n\t\t\t\t\t\t\t\t\tIn qualit\u00e0 di assicuratore globale, Zurich \u00e8 sinonimo di affidabilit\u00e0, soluzioni sostenibili e un chiaro orientamento al cliente.\t\t\t\t\t\t\t\t<\/div>\n\t\t\t\t<\/div>\n\t\t\t\t<\/div>\n\t\t\t\t<\/div>\n\t\t\t\t<\/div>\n\t\t\t\t\t<\/div>\n\t\t\t\t<\/div>\n\t\t<div class=\"elementor-element elementor-element-47fa943 e-flex e-con-boxed e-con e-parent\" data-id=\"47fa943\" data-element_type=\"container\" data-e-type=\"container\" data-settings=\"{&quot;background_background&quot;:&quot;classic&quot;}\">\n\t\t\t\t\t<div class=\"e-con-inner\">\n\t\t<div class=\"elementor-element elementor-element-fbc0d22 e-con-full e-flex e-con e-child\" data-id=\"fbc0d22\" data-element_type=\"container\" data-e-type=\"container\">\n\t\t<div class=\"elementor-element elementor-element-d2fa66d e-con-full e-flex e-con e-child\" data-id=\"d2fa66d\" data-element_type=\"container\" data-e-type=\"container\">\n\t\t\t\t<div class=\"elementor-element elementor-element-842b015 elementor-widget-mobile__width-inherit main-color elementor-widget elementor-widget-heading\" data-id=\"842b015\" data-element_type=\"widget\" data-e-type=\"widget\" data-widget_type=\"heading.default\">\n\t\t\t\t<div class=\"elementor-widget-container\">\n\t\t\t\t\t<h2 class=\"elementor-heading-title elementor-size-default\"><span>SwissLife<\/span><\/h2>\t\t\t\t<\/div>\n\t\t\t\t<\/div>\n\t\t<div class=\"elementor-element elementor-element-160e008 e-con-full e-flex e-con e-child\" data-id=\"160e008\" data-element_type=\"container\" data-e-type=\"container\">\n\t\t\t\t<div class=\"elementor-element elementor-element-cc9516b elementor-widget elementor-widget-text-editor\" data-id=\"cc9516b\" data-element_type=\"widget\" data-e-type=\"widget\" data-widget_type=\"text-editor.default\">\n\t\t\t\t<div class=\"elementor-widget-container\">\n\t\t\t\t\t\t\t\t\t<p><a href=\"https:\/\/www.swisslife.ch\/it\/chi-siamo.html\" target=\"_blank\" rel=\"noopener\">Swiss Life<\/a> \u00e8 un fornitore leader di soluzioni previdenziali e finanziarie in Svizzera. L&#8217;azienda offre servizi completi nei settori della previdenza per la vecchiaia, delle assicurazioni sulla vita e della gestione patrimoniale, per consentire ai propri clienti una vita autodeterminata. <\/p>\t\t\t\t\t\t\t\t<\/div>\n\t\t\t\t<\/div>\n\t\t\t\t<div class=\"elementor-element elementor-element-47839b3 elementor-widget elementor-widget-text-editor\" data-id=\"47839b3\" data-element_type=\"widget\" data-e-type=\"widget\" data-widget_type=\"text-editor.default\">\n\t\t\t\t<div class=\"elementor-widget-container\">\n\t\t\t\t\t\t\t\t\tSwiss Life si concentra sull&#8217;offerta di soluzioni finanziarie individuali, adattate alle diverse esigenze dei propri clienti.\t\t\t\t\t\t\t\t<\/div>\n\t\t\t\t<\/div>\n\t\t\t\t<\/div>\n\t\t\t\t<\/div>\n\t\t<div class=\"elementor-element elementor-element-883b420 e-con-full custom-kpt-sec e-flex e-con e-child\" data-id=\"883b420\" data-element_type=\"container\" data-e-type=\"container\" data-settings=\"{&quot;background_background&quot;:&quot;classic&quot;}\">\n\t\t\t\t<\/div>\n\t\t\t\t<\/div>\n\t\t\t\t\t<\/div>\n\t\t\t\t<\/div>\n\t\t\t\t<\/div>\n\t\t","protected":false},"excerpt":{"rendered":"<p>I nostri partner Il nostro obiettivo principale \u00e8 poterti consigliare e assistere in modo completo in materia assicurativa. Per raggiungere questo obiettivo, ci avvaliamo di una vasta rete di partner accuratamente selezionati. Durante una consulenza personale, scopriremo insieme come anche tu puoi beneficiare al meglio dei servizi delle nostre aziende partner. Non vediamo l\u2019ora di [&hellip;]<\/p>\n","protected":false},"author":1,"featured_media":0,"parent":0,"menu_order":0,"comment_status":"closed","ping_status":"closed","template":"","meta":{"_acf_changed":false,"footnotes":""},"class_list":["post-11008","page","type-page","status-publish","hentry"],"acf":[],"yoast_head":"<!-- This site is optimized with the Yoast SEO plugin v27.3 - https:\/\/yoast.com\/product\/yoast-seo-wordpress\/ -->\n<title>I nostri partner simply \u2013 consulenza assicurativa indipendente<\/title>\n<meta name=\"description\" content=\"Scopra la rete di partner di simply: consulenza indipendente e collaborazioni forti con casse malati e assicuratori per soluzioni sanitarie e previdenziali ottimali.\" \/>\n<meta name=\"robots\" content=\"index, follow, max-snippet:-1, max-image-preview:large, max-video-preview:-1\" \/>\n<link rel=\"canonical\" href=\"https:\/\/simply.ch\/it\/partner\/\" \/>\n<meta property=\"og:locale\" content=\"it_IT\" \/>\n<meta property=\"og:type\" content=\"article\" \/>\n<meta property=\"og:title\" content=\"I nostri partner simply \u2013 consulenza assicurativa indipendente\" \/>\n<meta property=\"og:description\" content=\"Scopra la rete di partner di simply: consulenza indipendente e collaborazioni forti con casse malati e assicuratori per soluzioni sanitarie e previdenziali ottimali.\" \/>\n<meta property=\"og:url\" content=\"https:\/\/simply.ch\/it\/partner\/\" \/>\n<meta property=\"og:site_name\" content=\"Simply\" \/>\n<meta property=\"article:modified_time\" content=\"2026-03-17T06:18:19+00:00\" \/>\n<meta property=\"og:image\" content=\"https:\/\/simply.ch\/wp-content\/uploads\/2025\/09\/simply-partner-hero.png\" \/>\n<meta name=\"twitter:card\" content=\"summary_large_image\" \/>\n<meta name=\"twitter:label1\" content=\"Tempo di lettura stimato\" \/>\n\t<meta name=\"twitter:data1\" content=\"1 minuto\" \/>\n<script type=\"application\/ld+json\" class=\"yoast-schema-graph\">{\"@context\":\"https:\\\/\\\/schema.org\",\"@graph\":[{\"@type\":\"WebPage\",\"@id\":\"https:\\\/\\\/simply.ch\\\/it\\\/partner\\\/\",\"url\":\"https:\\\/\\\/simply.ch\\\/it\\\/partner\\\/\",\"name\":\"I nostri partner simply \u2013 consulenza assicurativa indipendente\",\"isPartOf\":{\"@id\":\"https:\\\/\\\/simply.ch\\\/it\\\/#website\"},\"primaryImageOfPage\":{\"@id\":\"https:\\\/\\\/simply.ch\\\/it\\\/partner\\\/#primaryimage\"},\"image\":{\"@id\":\"https:\\\/\\\/simply.ch\\\/it\\\/partner\\\/#primaryimage\"},\"thumbnailUrl\":\"https:\\\/\\\/simply.ch\\\/wp-content\\\/uploads\\\/2025\\\/09\\\/simply-partner-hero.png\",\"datePublished\":\"2025-09-05T06:35:46+00:00\",\"dateModified\":\"2026-03-17T06:18:19+00:00\",\"description\":\"Scopra la rete di partner di simply: consulenza indipendente e collaborazioni forti con casse malati e assicuratori per soluzioni sanitarie e previdenziali ottimali.\",\"breadcrumb\":{\"@id\":\"https:\\\/\\\/simply.ch\\\/it\\\/partner\\\/#breadcrumb\"},\"inLanguage\":\"it-IT\",\"potentialAction\":[{\"@type\":\"ReadAction\",\"target\":[\"https:\\\/\\\/simply.ch\\\/it\\\/partner\\\/\"]}]},{\"@type\":\"ImageObject\",\"inLanguage\":\"it-IT\",\"@id\":\"https:\\\/\\\/simply.ch\\\/it\\\/partner\\\/#primaryimage\",\"url\":\"https:\\\/\\\/simply.ch\\\/wp-content\\\/uploads\\\/2025\\\/09\\\/simply-partner-hero.png\",\"contentUrl\":\"https:\\\/\\\/simply.ch\\\/wp-content\\\/uploads\\\/2025\\\/09\\\/simply-partner-hero.png\"},{\"@type\":\"BreadcrumbList\",\"@id\":\"https:\\\/\\\/simply.ch\\\/it\\\/partner\\\/#breadcrumb\",\"itemListElement\":[{\"@type\":\"ListItem\",\"position\":1,\"name\":\"Startseite\",\"item\":\"https:\\\/\\\/simply.ch\\\/it\\\/\"},{\"@type\":\"ListItem\",\"position\":2,\"name\":\"Partner\"}]},{\"@type\":\"WebSite\",\"@id\":\"https:\\\/\\\/simply.ch\\\/it\\\/#website\",\"url\":\"https:\\\/\\\/simply.ch\\\/it\\\/\",\"name\":\"Simply\",\"description\":\"\",\"publisher\":{\"@id\":\"https:\\\/\\\/simply.ch\\\/it\\\/#organization\"},\"potentialAction\":[{\"@type\":\"SearchAction\",\"target\":{\"@type\":\"EntryPoint\",\"urlTemplate\":\"https:\\\/\\\/simply.ch\\\/it\\\/?s={search_term_string}\"},\"query-input\":{\"@type\":\"PropertyValueSpecification\",\"valueRequired\":true,\"valueName\":\"search_term_string\"}}],\"inLanguage\":\"it-IT\"},{\"@type\":\"Organization\",\"@id\":\"https:\\\/\\\/simply.ch\\\/it\\\/#organization\",\"name\":\"Simply\",\"url\":\"https:\\\/\\\/simply.ch\\\/it\\\/\",\"logo\":{\"@type\":\"ImageObject\",\"inLanguage\":\"it-IT\",\"@id\":\"https:\\\/\\\/simply.ch\\\/it\\\/#\\\/schema\\\/logo\\\/image\\\/\",\"url\":\"https:\\\/\\\/simply.ch\\\/wp-content\\\/uploads\\\/2025\\\/10\\\/simply-logo.png\",\"contentUrl\":\"https:\\\/\\\/simply.ch\\\/wp-content\\\/uploads\\\/2025\\\/10\\\/simply-logo.png\",\"width\":352,\"height\":129,\"caption\":\"Simply\"},\"image\":{\"@id\":\"https:\\\/\\\/simply.ch\\\/it\\\/#\\\/schema\\\/logo\\\/image\\\/\"}}]}<\/script>\n<!-- \/ Yoast SEO plugin. -->","yoast_head_json":{"title":"I nostri partner simply \u2013 consulenza assicurativa indipendente","description":"Scopra la rete di partner di simply: consulenza indipendente e collaborazioni forti con casse malati e assicuratori per soluzioni sanitarie e previdenziali ottimali.","robots":{"index":"index","follow":"follow","max-snippet":"max-snippet:-1","max-image-preview":"max-image-preview:large","max-video-preview":"max-video-preview:-1"},"canonical":"https:\/\/simply.ch\/it\/partner\/","og_locale":"it_IT","og_type":"article","og_title":"I nostri partner simply \u2013 consulenza assicurativa indipendente","og_description":"Scopra la rete di partner di simply: consulenza indipendente e collaborazioni forti con casse malati e assicuratori per soluzioni sanitarie e previdenziali ottimali.","og_url":"https:\/\/simply.ch\/it\/partner\/","og_site_name":"Simply","article_modified_time":"2026-03-17T06:18:19+00:00","og_image":[{"url":"https:\/\/simply.ch\/wp-content\/uploads\/2025\/09\/simply-partner-hero.png","type":"","width":"","height":""}],"twitter_card":"summary_large_image","twitter_misc":{"Tempo di lettura stimato":"1 minuto"},"schema":{"@context":"https:\/\/schema.org","@graph":[{"@type":"WebPage","@id":"https:\/\/simply.ch\/it\/partner\/","url":"https:\/\/simply.ch\/it\/partner\/","name":"I nostri partner simply \u2013 consulenza assicurativa indipendente","isPartOf":{"@id":"https:\/\/simply.ch\/it\/#website"},"primaryImageOfPage":{"@id":"https:\/\/simply.ch\/it\/partner\/#primaryimage"},"image":{"@id":"https:\/\/simply.ch\/it\/partner\/#primaryimage"},"thumbnailUrl":"https:\/\/simply.ch\/wp-content\/uploads\/2025\/09\/simply-partner-hero.png","datePublished":"2025-09-05T06:35:46+00:00","dateModified":"2026-03-17T06:18:19+00:00","description":"Scopra la rete di partner di simply: consulenza indipendente e collaborazioni forti con casse malati e assicuratori per soluzioni sanitarie e previdenziali ottimali.","breadcrumb":{"@id":"https:\/\/simply.ch\/it\/partner\/#breadcrumb"},"inLanguage":"it-IT","potentialAction":[{"@type":"ReadAction","target":["https:\/\/simply.ch\/it\/partner\/"]}]},{"@type":"ImageObject","inLanguage":"it-IT","@id":"https:\/\/simply.ch\/it\/partner\/#primaryimage","url":"https:\/\/simply.ch\/wp-content\/uploads\/2025\/09\/simply-partner-hero.png","contentUrl":"https:\/\/simply.ch\/wp-content\/uploads\/2025\/09\/simply-partner-hero.png"},{"@type":"BreadcrumbList","@id":"https:\/\/simply.ch\/it\/partner\/#breadcrumb","itemListElement":[{"@type":"ListItem","position":1,"name":"Startseite","item":"https:\/\/simply.ch\/it\/"},{"@type":"ListItem","position":2,"name":"Partner"}]},{"@type":"WebSite","@id":"https:\/\/simply.ch\/it\/#website","url":"https:\/\/simply.ch\/it\/","name":"Simply","description":"","publisher":{"@id":"https:\/\/simply.ch\/it\/#organization"},"potentialAction":[{"@type":"SearchAction","target":{"@type":"EntryPoint","urlTemplate":"https:\/\/simply.ch\/it\/?s={search_term_string}"},"query-input":{"@type":"PropertyValueSpecification","valueRequired":true,"valueName":"search_term_string"}}],"inLanguage":"it-IT"},{"@type":"Organization","@id":"https:\/\/simply.ch\/it\/#organization","name":"Simply","url":"https:\/\/simply.ch\/it\/","logo":{"@type":"ImageObject","inLanguage":"it-IT","@id":"https:\/\/simply.ch\/it\/#\/schema\/logo\/image\/","url":"https:\/\/simply.ch\/wp-content\/uploads\/2025\/10\/simply-logo.png","contentUrl":"https:\/\/simply.ch\/wp-content\/uploads\/2025\/10\/simply-logo.png","width":352,"height":129,"caption":"Simply"},"image":{"@id":"https:\/\/simply.ch\/it\/#\/schema\/logo\/image\/"}}]}},"_links":{"self":[{"href":"https:\/\/simply.ch\/it\/wp-json\/wp\/v2\/pages\/11008","targetHints":{"allow":["GET"]}}],"collection":[{"href":"https:\/\/simply.ch\/it\/wp-json\/wp\/v2\/pages"}],"about":[{"href":"https:\/\/simply.ch\/it\/wp-json\/wp\/v2\/types\/page"}],"author":[{"embeddable":true,"href":"https:\/\/simply.ch\/it\/wp-json\/wp\/v2\/users\/1"}],"replies":[{"embeddable":true,"href":"https:\/\/simply.ch\/it\/wp-json\/wp\/v2\/comments?post=11008"}],"version-history":[{"count":10,"href":"https:\/\/simply.ch\/it\/wp-json\/wp\/v2\/pages\/11008\/revisions"}],"predecessor-version":[{"id":14888,"href":"https:\/\/simply.ch\/it\/wp-json\/wp\/v2\/pages\/11008\/revisions\/14888"}],"wp:attachment":[{"href":"https:\/\/simply.ch\/it\/wp-json\/wp\/v2\/media?parent=11008"}],"curies":[{"name":"wp","href":"https:\/\/api.w.org\/{rel}","templated":true}]}}